{"id":136,"date":"2023-07-20T11:25:54","date_gmt":"2023-07-20T14:25:54","guid":{"rendered":"https:\/\/abrir.org.br\/?page_id=136"},"modified":"2023-07-20T11:27:30","modified_gmt":"2023-07-20T14:27:30","slug":"blog","status":"publish","type":"page","link":"https:\/\/abrir.org.br\/index.php\/blog\/","title":{"rendered":"Blog"},"content":{"rendered":"\t\t<div data-elementor-type=\"wp-page\" data-elementor-id=\"136\" class=\"elementor elementor-136\">\n\t\t\t\t<div class=\"elementor-element elementor-element-ad6bdec e-flex e-con-boxed e-con e-parent\" data-id=\"ad6bdec\" data-element_type=\"container\">\n\t\t\t\t\t<div class=\"e-con-inner\">\n\t\t\t\t<div class=\"elementor-element elementor-element-03ead9a elementor-widget elementor-widget-heading\" data-id=\"03ead9a\" data-element_type=\"widget\" data-widget_type=\"heading.default\">\n\t\t\t\t<div class=\"elementor-widget-container\">\n\t\t\t\t\t<h2 class=\"elementor-heading-title elementor-size-default\">Blog ABRIR<\/h2>\t\t\t\t<\/div>\n\t\t\t\t<\/div>\n\t\t\t\t<div class=\"elementor-element elementor-element-1b7e7e5 elementor-widget elementor-widget-blogmentor_blog_posts\" data-id=\"1b7e7e5\" data-element_type=\"widget\" data-widget_type=\"blogmentor_blog_posts.default\">\n\t\t\t\t<div class=\"elementor-widget-container\">\n\t\t\t\t\t\t\t\n\t\t\t\t\t<div class=\"upl-main\">\n\t\t<div class=\"upl-container\">\n\t\t\t\t\t\t\t<div class=\"upl-left-section bm_content_box\">\n\t\t\t\t\t\t\t\t<div class=\"bm-post-image clearfix bm-hover-effect bm-hover-effect-blur\">\n\t\t\t\t\t<div class=\"upl-image\" style=\"background-image: url('https:\/\/abrir.org.br\/wp-content\/uploads\/2023\/07\/GettyImages-1186283017-low.jpg')\"><\/div>\n\t\t\t\t<\/div>\n\t\t\t\t<div class=\"upl-author\"><img decoding=\"async\" src=\"http:\/\/abrir.org.br\/wp-content\/uploads\/2023\/07\/avatar_user_1_1689861078-96x96.png\"><\/div>\n\t\t\t\t<div class=\"upl-title bm_title\"><a href=\"https:\/\/abrir.org.br\/index.php\/2023\/07\/13\/inovacao-em-recebiveis-transformando-o-mercado-financeiro-brasileiro-2\/\" rel=\"bookmark\">Inova\u00e7\u00e3o em Receb\u00edveis: Transformando o Mercado Financeiro Brasileiro<\/a><\/div>\t\t\t\t\t<div class=\"upl-excerpt bm_content\"> A Associa\u00e7\u00e3o Brasileira de Inova\u00e7\u00e3o em Receb\u00edveis tem desempenhado um papel fundamental na transforma\u00e7\u00e3o do mercado financeiro brasileiro. Com a r\u00e1pida evolu\u00e7\u00e3o dos avan\u00e7os tecnol\u00f3gicos e a crescente demanda por&hellip; <\/div>\n\t\t\t\t\t\t\t\t\t<div class=\"upl-cat-date bm_meta\">\n\t\t\t\t\t\tABRIR | July 13, 2023 \t\t\t\t\t<\/div>\n\t\t\t\t\t\t\t<\/div>\n\t\t\t\n\t\t\t\t\t\t<div class=\"upl-right-section\">\n\t\t\t\t<div class=\"upl-top bm_content_box\">\n\t\t\t\t\t<div class=\"bm-post-image clearfix bm-hover-effect bm-hover-effect-blur\">\n\t\t\t\t\t\t<div class=\"upl-image\" style=\"background-image: url('https:\/\/abrir.org.br\/wp-content\/uploads\/2023\/07\/289721-entenda-como-escalar-o-crescimento-da-empresa-usando-um-erp.jpg')\"><\/div>\n\t\t\t\t\t<\/div>\n\t\t\t\t\t<div class=\"upl-author\">\n\t\t\t\t\t\t<img decoding=\"async\" src=\"http:\/\/abrir.org.br\/wp-content\/uploads\/2023\/07\/avatar_user_1_1689861078-96x96.png\">\n\t\t\t\t\t<\/div>\n\t\t\t\t\t<div class=\"upl-title bm_title\"><a href=\"https:\/\/abrir.org.br\/index.php\/2023\/07\/13\/como-a-inovacao-em-recebiveis-esta-impulsionando-o-crescimento-das-empresas-brasileiras\/\" rel=\"bookmark\">Como a inova\u00e7\u00e3o em receb\u00edveis est\u00e1 impulsionando o crescimento das empresas brasileiras<\/a><\/div>\t\t\t\t\t\t<div class=\"upl-excerpt bm_content\"> A inova\u00e7\u00e3o em receb\u00edveis como chave para o sucesso empresarial A Associa\u00e7\u00e3o&hellip; <\/div>\n\t\t\t\t\t\t\t\t\t\t\t<div class=\"upl-cat-date bm_meta\">\n\t\t\t\t\t\tABRIR | July 13, 2023 \t\t\t\t\t\t<\/div>\n\t\t\t\t\t\t\t\t\t<\/div>\n\t\t\t\t\t\t\t<div class=\"upl-bottom bm_content_box\">\n\t\t\t\t\t<div class=\"bm-post-image clearfix bm-hover-effect bm-hover-effect-blur\">\n\t\t\t\t\t\t<div class=\"upl-image\" style=\"background-image: url('https:\/\/abrir.org.br\/wp-content\/uploads\/2023\/07\/fundosite.png')\"><\/div>\n\t\t\t\t\t<\/div>\n\t\t\t\t\t<div class=\"upl-author\">\n\t\t\t\t\t\t<img decoding=\"async\" src=\"http:\/\/abrir.org.br\/wp-content\/uploads\/2023\/07\/avatar_user_1_1689861078-96x96.png\">\n\t\t\t\t\t<\/div>\n\t\t\t\t\t<div class=\"upl-title bm_title\"><a href=\"https:\/\/abrir.org.br\/index.php\/2023\/07\/13\/como-a-associacao-brasileira-de-inovacao-em-recebiveis-pode-impulsionar-o-seu-negocio\/\" rel=\"bookmark\">Como a Associa\u00e7\u00e3o Brasileira de Inova\u00e7\u00e3o em Receb\u00edveis pode impulsionar o seu neg\u00f3cio<\/a><\/div>\t\t\t\t\t\t<div class=\"upl-excerpt bm_content\"> Introdu\u00e7\u00e3o Voc\u00ea j\u00e1 ouviu falar da Associa\u00e7\u00e3o Brasileira de Inova\u00e7\u00e3o em Receb\u00edveis?&hellip; <\/div>\n\t\t\t\t\t\t\t\t\t\t\t<div class=\"upl-cat-date bm_meta\">\n\t\t\t\t\t\tABRIR | July 13, 2023 \t\t\t\t\t\t<\/div>\n\t\t\t\t\t\t\t\t\t<\/div>\n\t\t\t\t\t\t<\/div>\n\t\t<\/div>\n\t<\/div>\n\n\t<div class=\"upl-second-section\">\n\t\t\t\t\t<div class=\"upl-second bm_content_box\">\n\t\t\t\t<div class=\"bm-post-image clearfix bm-hover-effect bm-hover-effect-blur\">\n\t\t\t\t\t<div class=\"upl-image\" style=\"background-image: url('https:\/\/abrir.org.br\/wp-content\/uploads\/2023\/07\/vale-a-pena-investir-em-uma-maquina-de-cartao-de-credito-para-minha-entidade-20191007140324.jpg.jpg')\"><\/div>\n\t\t\t\t<\/div>\n\t\t\t\t<div class=\"upl-author\">\n\t\t\t\t\t<img decoding=\"async\" src=\"http:\/\/abrir.org.br\/wp-content\/uploads\/2023\/07\/avatar_user_1_1689861078-96x96.png\">\n\t\t\t\t<\/div>\n\t\t\t\t<div class=\"upl-title bm_title\"><a href=\"https:\/\/abrir.org.br\/index.php\/2023\/07\/13\/inovacao-em-recebiveis-como-a-associacao-brasileira-esta-transformando-o-setor\/\" rel=\"bookmark\">Inova\u00e7\u00e3o em Receb\u00edveis: Como a Associa\u00e7\u00e3o Brasileira est\u00e1 Transformando o Setor<\/a><\/div>\t\t\t\t\t<div class=\"upl-excerpt bm_content\"> A Associa\u00e7\u00e3o Brasileira de Inova\u00e7\u00e3o em Receb\u00edveis A ind\u00fastria de receb\u00edveis no&hellip; <\/div>\n\t\t\t\t\t\t\t\t\t<div class=\"upl-cat-date bm_meta\">ABRIR | July 13, 2023 \t\t\t\t\t<\/div>\n\t\t\t\t\t\t\t<\/div>\n\t\t\t\t\t<div class=\"upl-second bm_content_box\">\n\t\t\t\t<div class=\"bm-post-image clearfix bm-hover-effect bm-hover-effect-blur\">\n\t\t\t\t\t<div class=\"upl-image\" style=\"background-image: url('https:\/\/abrir.org.br\/wp-content\/uploads\/2023\/07\/bolsa-de-valores-mercado-financeiro.jpg')\"><\/div>\n\t\t\t\t<\/div>\n\t\t\t\t<div class=\"upl-author\">\n\t\t\t\t\t<img decoding=\"async\" src=\"http:\/\/abrir.org.br\/wp-content\/uploads\/2023\/07\/avatar_user_1_1689861078-96x96.png\">\n\t\t\t\t<\/div>\n\t\t\t\t<div class=\"upl-title bm_title\"><a href=\"https:\/\/abrir.org.br\/index.php\/2023\/07\/13\/inovacao-em-recebiveis-como-a-associacao-brasileira-esta-mudando-o-mercado-financeiro\/\" rel=\"bookmark\">Inova\u00e7\u00e3o em Receb\u00edveis: Como a Associa\u00e7\u00e3o Brasileira est\u00e1 Mudando o Mercado Financeiro<\/a><\/div>\t\t\t\t\t<div class=\"upl-excerpt bm_content\"> Introdu\u00e7\u00e3o Vivemos em uma era de constantes avan\u00e7os tecnol\u00f3gicos, e o mercado&hellip; <\/div>\n\t\t\t\t\t\t\t\t\t<div class=\"upl-cat-date bm_meta\">ABRIR | July 13, 2023 \t\t\t\t\t<\/div>\n\t\t\t\t\t\t\t<\/div>\n\t\t\t\t\t<div class=\"upl-second bm_content_box\">\n\t\t\t\t<div class=\"bm-post-image clearfix bm-hover-effect bm-hover-effect-blur\">\n\t\t\t\t\t<div class=\"upl-image\" style=\"background-image: url('https:\/\/abrir.org.br\/wp-content\/uploads\/2023\/07\/Sem-Titulo-2.png')\"><\/div>\n\t\t\t\t<\/div>\n\t\t\t\t<div class=\"upl-author\">\n\t\t\t\t\t<img decoding=\"async\" src=\"http:\/\/abrir.org.br\/wp-content\/uploads\/2023\/07\/avatar_user_1_1689861078-96x96.png\">\n\t\t\t\t<\/div>\n\t\t\t\t<div class=\"upl-title bm_title\"><a href=\"https:\/\/abrir.org.br\/index.php\/2023\/07\/13\/inovacao-em-recebiveis-transformando-o-mercado-financeiro-brasileiro\/\" rel=\"bookmark\">Inova\u00e7\u00e3o em Receb\u00edveis: Transformando o Mercado Financeiro Brasileiro<\/a><\/div>\t\t\t\t\t<div class=\"upl-excerpt bm_content\"> Novas formas de negocia\u00e7\u00e3o de receb\u00edveis impulsionam o crescimento das empresas A&hellip; <\/div>\n\t\t\t\t\t\t\t\t\t<div class=\"upl-cat-date bm_meta\">ABRIR | July 13, 2023 \t\t\t\t\t<\/div>\n\t\t\t\t\t\t\t<\/div>\n\t\t\t<\/div>\n\t\t\t\t<\/div>\n\t\t\t\t<\/div>\n\t\t\t\t\t<\/div>\n\t\t\t\t<\/div>\n\t\t\t\t<\/div>\n\t\t","protected":false},"excerpt":{"rendered":"<p>Blog ABRIR Inova\u00e7\u00e3o em Receb\u00edveis: Transformando o Mercado Financeiro Brasileiro A Associa\u00e7\u00e3o Brasileira de Inova\u00e7\u00e3o em Receb\u00edveis tem desempenhado um papel fundamental na transforma\u00e7\u00e3o do mercado financeiro brasileiro. Com a r\u00e1pida evolu\u00e7\u00e3o dos avan\u00e7os tecnol\u00f3gicos e a crescente demanda por&hellip; abrir.org.br | julho 13, 2023 Como a inova\u00e7\u00e3o em receb\u00edveis est\u00e1 impulsionando o crescimento das [&hellip;]<\/p>\n","protected":false},"author":1,"featured_media":0,"parent":0,"menu_order":0,"comment_status":"closed","ping_status":"closed","template":"elementor_header_footer","meta":{"footnotes":""},"class_list":["post-136","page","type-page","status-publish","hentry"],"_links":{"self":[{"href":"https:\/\/abrir.org.br\/index.php\/wp-json\/wp\/v2\/pages\/136","targetHints":{"allow":["GET"]}}],"collection":[{"href":"https:\/\/abrir.org.br\/index.php\/wp-json\/wp\/v2\/pages"}],"about":[{"href":"https:\/\/abrir.org.br\/index.php\/wp-json\/wp\/v2\/types\/page"}],"author":[{"embeddable":true,"href":"https:\/\/abrir.org.br\/index.php\/wp-json\/wp\/v2\/users\/1"}],"replies":[{"embeddable":true,"href":"https:\/\/abrir.org.br\/index.php\/wp-json\/wp\/v2\/comments?post=136"}],"version-history":[{"count":5,"href":"https:\/\/abrir.org.br\/index.php\/wp-json\/wp\/v2\/pages\/136\/revisions"}],"predecessor-version":[{"id":141,"href":"https:\/\/abrir.org.br\/index.php\/wp-json\/wp\/v2\/pages\/136\/revisions\/141"}],"wp:attachment":[{"href":"https:\/\/abrir.org.br\/index.php\/wp-json\/wp\/v2\/media?parent=136"}],"curies":[{"name":"wp","href":"https:\/\/api.w.org\/{rel}","templated":true}]}}